{"id":1330,"date":"2021-03-16T20:44:25","date_gmt":"2021-03-16T23:44:25","guid":{"rendered":"http:\/\/ative.ag\/projeto\/2021\/solarchio\/cms\/?page_id=1330"},"modified":"2021-03-24T09:27:19","modified_gmt":"2021-03-24T12:27:19","slug":"industrial","status":"publish","type":"page","link":"http:\/\/ative.ag\/projeto\/2021\/solarchio\/cms\/industrial\/","title":{"rendered":"Industrial"},"content":{"rendered":"<p>[vc_row css=&#8221;.vc_custom_1616422536125{padding-bottom: 50px !important;}&#8221;][vc_column width=&#8221;1\/2&#8243;][vc_column_text]<\/p>\n<p style=\"text-align: right;\"><img loading=\"lazy\" decoding=\"async\" class=\"alignnone size-medium wp-image-1354 alignleft\" src=\"http:\/\/ative.ag\/projeto\/2021\/solarchio\/cms\/wp-content\/uploads\/2015\/12\/parati-300x169.jpeg\" alt=\"\" width=\"300\" height=\"169\" srcset=\"http:\/\/ative.ag\/projeto\/2021\/solarchio\/cms\/wp-content\/uploads\/2015\/12\/parati-300x169.jpeg 300w, http:\/\/ative.ag\/projeto\/2021\/solarchio\/cms\/wp-content\/uploads\/2015\/12\/parati-1024x576.jpeg 1024w, http:\/\/ative.ag\/projeto\/2021\/solarchio\/cms\/wp-content\/uploads\/2015\/12\/parati-768x432.jpeg 768w, http:\/\/ative.ag\/projeto\/2021\/solarchio\/cms\/wp-content\/uploads\/2015\/12\/parati.jpeg 1280w\" sizes=\"(max-width: 300px) 100vw, 300px\" \/><\/p>\n<p>[\/vc_column_text][\/vc_column][vc_column width=&#8221;1\/2&#8243;][vc_column_text]<\/p>\n<p style=\"text-align: left;\">Reduza os custos com energia e otimize os recursos na sua Ind\u00fastria<\/p>\n<p style=\"text-align: left;\">Ind\u00fastrias brasileiras dos mais diferentes segmentos passam por um momento de transi\u00e7\u00e3o energ\u00e9tica. Conte com a SOLACHIO para reestruturar a sua opera\u00e7\u00e3o energ\u00e9tica com foco na redu\u00e7\u00e3o de custos e emiss\u00f5es de carbono.<\/p>\n<p>[\/vc_column_text][\/vc_column][\/vc_row][vc_row full_width=&#8221;stretch_row&#8221; css=&#8221;.vc_custom_1616422464844{padding-top: 20px !important;padding-bottom: 20px !important;background-color: #eff1fc !important;}&#8221;][vc_column][vc_btn title=&#8221;SIMULE O FINANCIAMENTO DA SUA USINA AQUI&#8221; style=&#8221;classic&#8221; color=&#8221;primary&#8221; align=&#8221;center&#8221; link=&#8221;url:https%3A%2F%2Fwww.meufinanciamentosolar.com.br%2F%23simulacao|target:_blank&#8221;][\/vc_column][\/vc_row][vc_row full_width=&#8221;stretch_row&#8221; css=&#8221;.vc_custom_1616422436556{background-color: #000000 !important;}&#8221; font_color=&#8221;#ffffff&#8221;][vc_column]\n\n<div class=\"\" >\n  <div class=\"large-12 columns  wd-title-section_c\" >\n      <h2>Projetos Industriais<\/h2>\n        <h5>-<\/h5>\n    \n  <\/div>\n<\/div>\n\n  \n  \n<div class=\"wd-section-project\">\n  \n\n\t<ul class='masque portfolio-grid small-block-grid-1\t medium-block-grid-2 large-block-grid-3'>\n\t\t\t<\/ul>\n<\/div>\n  \n  \n  \n  \n  [\/vc_column][\/vc_row]<\/p>\n","protected":false},"excerpt":{"rendered":"<p>[vc_row css=&#8221;.vc_custom_1616422536125{padding-bottom: 50px !important;}&#8221;][vc_column width=&#8221;1\/2&#8243;][vc_column_text] [\/vc_column_text][\/vc_column][vc_column width=&#8221;1\/2&#8243;][vc_column_text] Reduza os custos com energia e otimize os recursos na sua Ind\u00fastria Ind\u00fastrias brasileiras dos mais diferentes segmentos passam por um momento de transi\u00e7\u00e3o energ\u00e9tica. Conte com a SOLACHIO para reestruturar a sua opera\u00e7\u00e3o energ\u00e9tica com foco na redu\u00e7\u00e3o de custos e emiss\u00f5es de carbono. [\/vc_column_text][\/vc_column][\/vc_row][vc_row full_width=&#8221;stretch_row&#8221; css=&#8221;.vc_custom_1616422464844{padding-top: [&hellip;]<\/p>\n","protected":false},"author":2,"featured_media":0,"parent":0,"menu_order":0,"comment_status":"closed","ping_status":"closed","template":"","meta":{"footnotes":""},"_links":{"self":[{"href":"http:\/\/ative.ag\/projeto\/2021\/solarchio\/cms\/wp-json\/wp\/v2\/pages\/1330"}],"collection":[{"href":"http:\/\/ative.ag\/projeto\/2021\/solarchio\/cms\/wp-json\/wp\/v2\/pages"}],"about":[{"href":"http:\/\/ative.ag\/projeto\/2021\/solarchio\/cms\/wp-json\/wp\/v2\/types\/page"}],"author":[{"embeddable":true,"href":"http:\/\/ative.ag\/projeto\/2021\/solarchio\/cms\/wp-json\/wp\/v2\/users\/2"}],"replies":[{"embeddable":true,"href":"http:\/\/ative.ag\/projeto\/2021\/solarchio\/cms\/wp-json\/wp\/v2\/comments?post=1330"}],"version-history":[{"count":11,"href":"http:\/\/ative.ag\/projeto\/2021\/solarchio\/cms\/wp-json\/wp\/v2\/pages\/1330\/revisions"}],"predecessor-version":[{"id":1372,"href":"http:\/\/ative.ag\/projeto\/2021\/solarchio\/cms\/wp-json\/wp\/v2\/pages\/1330\/revisions\/1372"}],"wp:attachment":[{"href":"http:\/\/ative.ag\/projeto\/2021\/solarchio\/cms\/wp-json\/wp\/v2\/media?parent=1330"}],"curies":[{"name":"wp","href":"https:\/\/api.w.org\/{rel}","templated":true}]}}